{"id":300,"date":"2022-03-03T18:53:37","date_gmt":"2022-03-03T18:53:37","guid":{"rendered":"https:\/\/onusinsurance.com\/?page_id=300"},"modified":"2024-11-19T17:24:33","modified_gmt":"2024-11-19T17:24:33","slug":"asistencia-en-viajes","status":"publish","type":"page","link":"https:\/\/onusinsurance.com\/es\/asistencia-en-viajes\/","title":{"rendered":"Asistencia en viajes"},"content":{"rendered":"\t\t<div data-elementor-type=\"wp-page\" data-elementor-id=\"300\" class=\"elementor elementor-300\" data-elementor-post-type=\"page\">\n\t\t\t\t\t\t<section class=\"elementor-section elementor-top-section elementor-element elementor-element-5e79681 elementor-section-boxed elementor-section-height-default elementor-section-height-default\" data-id=\"5e79681\" data-element_type=\"section\" data-settings=\"{&quot;background_background&quot;:&quot;classic&quot;}\">\n\t\t\t\t\t\t\t<div class=\"elementor-background-overlay\"><\/div>\n\t\t\t\t\t\t\t<div class=\"elementor-container elementor-column-gap-default\">\n\t\t\t\t\t<div class=\"elementor-column elementor-col-50 elementor-top-column elementor-element elementor-element-c9a1dd4\" data-id=\"c9a1dd4\" data-element_type=\"column\">\n\t\t\t<div class=\"elementor-widget-wrap elementor-element-populated\">\n\t\t\t\t\t\t<div class=\"elementor-element elementor-element-b4c5da9 elementor-invisible elementor-widget elementor-widget-image\" data-id=\"b4c5da9\" data-element_type=\"widget\" data-settings=\"{&quot;_animation&quot;:&quot;fadeIn&quot;}\" data-widget_type=\"image.default\">\n\t\t\t\t<div class=\"elementor-widget-container\">\n\t\t\t\t\t\t\t\t\t\t\t\t\t\t\t<img decoding=\"async\" width=\"134\" height=\"133\" src=\"https:\/\/onusinsurance.com\/wp-content\/uploads\/2022\/03\/icono_safe_2-1.png\" class=\"attachment-large size-large wp-image-1217\" alt=\"\" \/>\t\t\t\t\t\t\t\t\t\t\t\t\t\t\t<\/div>\n\t\t\t\t<\/div>\n\t\t\t\t<div class=\"elementor-element elementor-element-451104b elementor-invisible elementor-widget elementor-widget-heading\" data-id=\"451104b\" data-element_type=\"widget\" data-settings=\"{&quot;_animation&quot;:&quot;fadeIn&quot;}\" data-widget_type=\"heading.default\">\n\t\t\t\t<div class=\"elementor-widget-container\">\n\t\t\t\t\t<h2 class=\"elementor-heading-title elementor-size-default\"><span style=\"color:#80C343\">Asistencia<\/span> en viajes<\/h2>\t\t\t\t<\/div>\n\t\t\t\t<\/div>\n\t\t\t\t<div class=\"elementor-element elementor-element-1f490e5 elementor-invisible elementor-widget elementor-widget-text-editor\" data-id=\"1f490e5\" data-element_type=\"widget\" data-settings=\"{&quot;_animation&quot;:&quot;fadeIn&quot;}\" data-widget_type=\"text-editor.default\">\n\t\t\t\t<div class=\"elementor-widget-container\">\n\t\t\t\t\t\t\t\t\t<p><span style=\"font-weight: 400;\">Nuevo seguro de asistencia en viajes<\/span><\/p>\t\t\t\t\t\t\t\t<\/div>\n\t\t\t\t<\/div>\n\t\t\t\t\t<\/div>\n\t\t<\/div>\n\t\t\t\t<div class=\"elementor-column elementor-col-50 elementor-top-column elementor-element elementor-element-ae386a3\" data-id=\"ae386a3\" data-element_type=\"column\">\n\t\t\t<div class=\"elementor-widget-wrap\">\n\t\t\t\t\t\t\t<\/div>\n\t\t<\/div>\n\t\t\t\t\t<\/div>\n\t\t<\/section>\n\t\t\t\t<section class=\"elementor-section elementor-top-section elementor-element elementor-element-660b71a elementor-section-boxed elementor-section-height-default elementor-section-height-default\" data-id=\"660b71a\" data-element_type=\"section\" data-settings=\"{&quot;background_background&quot;:&quot;classic&quot;}\">\n\t\t\t\t\t\t<div class=\"elementor-container elementor-column-gap-custom\">\n\t\t\t\t\t<div class=\"elementor-column elementor-col-33 elementor-top-column elementor-element elementor-element-e3969a8 elementor-invisible\" data-id=\"e3969a8\" data-element_type=\"column\" data-settings=\"{&quot;background_background&quot;:&quot;classic&quot;,&quot;animation&quot;:&quot;fadeIn&quot;}\">\n\t\t\t<div class=\"elementor-widget-wrap elementor-element-populated\">\n\t\t\t\t\t\t<div class=\"elementor-element elementor-element-f715a39 elementor-view-default elementor-widget elementor-widget-icon\" data-id=\"f715a39\" data-element_type=\"widget\" data-widget_type=\"icon.default\">\n\t\t\t\t<div class=\"elementor-widget-container\">\n\t\t\t\t\t\t\t<div class=\"elementor-icon-wrapper\">\n\t\t\t<div class=\"elementor-icon\">\n\t\t\t<i aria-hidden=\"true\" class=\"fas fa-suitcase-rolling\"><\/i>\t\t\t<\/div>\n\t\t<\/div>\n\t\t\t\t\t\t<\/div>\n\t\t\t\t<\/div>\n\t\t\t\t<div class=\"elementor-element elementor-element-bbe7955 elementor-widget elementor-widget-heading\" data-id=\"bbe7955\" data-element_type=\"widget\" data-widget_type=\"heading.default\">\n\t\t\t\t<div class=\"elementor-widget-container\">\n\t\t\t\t\t<h2 class=\"elementor-heading-title elementor-size-default\">Espa\u00f1ol<\/h2>\t\t\t\t<\/div>\n\t\t\t\t<\/div>\n\t\t\t\t<div class=\"elementor-element elementor-element-0d83a15 elementor-align-center elementor-widget elementor-widget-button\" data-id=\"0d83a15\" data-element_type=\"widget\" data-widget_type=\"button.default\">\n\t\t\t\t<div class=\"elementor-widget-container\">\n\t\t\t\t\t\t\t\t\t<div class=\"elementor-button-wrapper\">\n\t\t\t\t\t<a class=\"elementor-button elementor-button-link elementor-size-sm\" href=\"https:\/\/www.bacassist.com\/DJB55GSPA\">\n\t\t\t\t\t\t<span class=\"elementor-button-content-wrapper\">\n\t\t\t\t\t\t\t\t\t<span class=\"elementor-button-text\">Ver m\u00e1s<\/span>\n\t\t\t\t\t<\/span>\n\t\t\t\t\t<\/a>\n\t\t\t\t<\/div>\n\t\t\t\t\t\t\t\t<\/div>\n\t\t\t\t<\/div>\n\t\t\t\t\t<\/div>\n\t\t<\/div>\n\t\t\t\t<div class=\"elementor-column elementor-col-33 elementor-top-column elementor-element elementor-element-dcea5db elementor-invisible\" data-id=\"dcea5db\" data-element_type=\"column\" data-settings=\"{&quot;animation&quot;:&quot;fadeIn&quot;}\">\n\t\t\t<div class=\"elementor-widget-wrap elementor-element-populated\">\n\t\t\t\t\t\t<div class=\"elementor-element elementor-element-84719aa elementor-view-default elementor-widget elementor-widget-icon\" data-id=\"84719aa\" data-element_type=\"widget\" data-widget_type=\"icon.default\">\n\t\t\t\t<div class=\"elementor-widget-container\">\n\t\t\t\t\t\t\t<div class=\"elementor-icon-wrapper\">\n\t\t\t<div class=\"elementor-icon\">\n\t\t\t<i aria-hidden=\"true\" class=\"fas fa-suitcase-rolling\"><\/i>\t\t\t<\/div>\n\t\t<\/div>\n\t\t\t\t\t\t<\/div>\n\t\t\t\t<\/div>\n\t\t\t\t<div class=\"elementor-element elementor-element-19c6e88 elementor-widget elementor-widget-heading\" data-id=\"19c6e88\" data-element_type=\"widget\" data-widget_type=\"heading.default\">\n\t\t\t\t<div class=\"elementor-widget-container\">\n\t\t\t\t\t<h2 class=\"elementor-heading-title elementor-size-default\">English<\/h2>\t\t\t\t<\/div>\n\t\t\t\t<\/div>\n\t\t\t\t<div class=\"elementor-element elementor-element-f9576cc elementor-align-center elementor-widget elementor-widget-button\" data-id=\"f9576cc\" data-element_type=\"widget\" data-widget_type=\"button.default\">\n\t\t\t\t<div class=\"elementor-widget-container\">\n\t\t\t\t\t\t\t\t\t<div class=\"elementor-button-wrapper\">\n\t\t\t\t\t<a class=\"elementor-button elementor-button-link elementor-size-sm\" href=\"https:\/\/www.bacassist.com\/DJB55GENG\">\n\t\t\t\t\t\t<span class=\"elementor-button-content-wrapper\">\n\t\t\t\t\t\t\t\t\t<span class=\"elementor-button-text\">See more<\/span>\n\t\t\t\t\t<\/span>\n\t\t\t\t\t<\/a>\n\t\t\t\t<\/div>\n\t\t\t\t\t\t\t\t<\/div>\n\t\t\t\t<\/div>\n\t\t\t\t\t<\/div>\n\t\t<\/div>\n\t\t\t\t<div class=\"elementor-column elementor-col-33 elementor-top-column elementor-element elementor-element-d7ee5e2 elementor-invisible\" data-id=\"d7ee5e2\" data-element_type=\"column\" data-settings=\"{&quot;animation&quot;:&quot;fadeIn&quot;}\">\n\t\t\t<div class=\"elementor-widget-wrap elementor-element-populated\">\n\t\t\t\t\t\t<div class=\"elementor-element elementor-element-b6196cc elementor-view-default elementor-widget elementor-widget-icon\" data-id=\"b6196cc\" data-element_type=\"widget\" data-widget_type=\"icon.default\">\n\t\t\t\t<div class=\"elementor-widget-container\">\n\t\t\t\t\t\t\t<div class=\"elementor-icon-wrapper\">\n\t\t\t<div class=\"elementor-icon\">\n\t\t\t<i aria-hidden=\"true\" class=\"fas fa-suitcase-rolling\"><\/i>\t\t\t<\/div>\n\t\t<\/div>\n\t\t\t\t\t\t<\/div>\n\t\t\t\t<\/div>\n\t\t\t\t<div class=\"elementor-element elementor-element-dc78d37 elementor-widget elementor-widget-heading\" data-id=\"dc78d37\" data-element_type=\"widget\" data-widget_type=\"heading.default\">\n\t\t\t\t<div class=\"elementor-widget-container\">\n\t\t\t\t\t<h2 class=\"elementor-heading-title elementor-size-default\">Portugu\u00eas<\/h2>\t\t\t\t<\/div>\n\t\t\t\t<\/div>\n\t\t\t\t<div class=\"elementor-element elementor-element-6986be0 elementor-align-center elementor-widget elementor-widget-button\" data-id=\"6986be0\" data-element_type=\"widget\" data-widget_type=\"button.default\">\n\t\t\t\t<div class=\"elementor-widget-container\">\n\t\t\t\t\t\t\t\t\t<div class=\"elementor-button-wrapper\">\n\t\t\t\t\t<a class=\"elementor-button elementor-button-link elementor-size-sm\" href=\"https:\/\/www.bacassist.com\/DJB55GPOR\">\n\t\t\t\t\t\t<span class=\"elementor-button-content-wrapper\">\n\t\t\t\t\t\t\t\t\t<span class=\"elementor-button-text\"> Ver mais<\/span>\n\t\t\t\t\t<\/span>\n\t\t\t\t\t<\/a>\n\t\t\t\t<\/div>\n\t\t\t\t\t\t\t\t<\/div>\n\t\t\t\t<\/div>\n\t\t\t\t\t<\/div>\n\t\t<\/div>\n\t\t\t\t\t<\/div>\n\t\t<\/section>\n\t\t\t\t<\/div>\n\t\t","protected":false},"excerpt":{"rendered":"<p>Asistencia en viajes Nuevo seguro de asistencia en viajes Espa\u00f1ol Ver m\u00e1s English See more Portugu\u00eas Ver mais<\/p>\n","protected":false},"author":1,"featured_media":0,"parent":0,"menu_order":0,"comment_status":"closed","ping_status":"closed","template":"","meta":{"footnotes":""},"class_list":["post-300","page","type-page","status-publish","hentry"],"yoast_head":"<!-- This site is optimized with the Yoast SEO Premium plugin v20.7 (Yoast SEO v26.3) - https:\/\/yoast.com\/wordpress\/plugins\/seo\/ -->\n<title>Asistencia en viajes - Onus Insurance<\/title>\n<meta name=\"robots\" content=\"index, follow, max-snippet:-1, max-image-preview:large, max-video-preview:-1\" \/>\n<link rel=\"canonical\" href=\"https:\/\/onusinsurance.com\/es\/asistencia-en-viajes\/\" \/>\n<meta property=\"og:locale\" content=\"es_ES\" \/>\n<meta property=\"og:type\" content=\"article\" \/>\n<meta property=\"og:title\" content=\"Asistencia en viajes\" \/>\n<meta property=\"og:description\" content=\"Asistencia en viajes Nuevo seguro de asistencia en viajes Espa\u00f1ol Ver m\u00e1s English See more Portugu\u00eas Ver mais\" \/>\n<meta property=\"og:url\" content=\"https:\/\/onusinsurance.com\/es\/asistencia-en-viajes\/\" \/>\n<meta property=\"og:site_name\" content=\"Onus Insurance\" \/>\n<meta property=\"article:modified_time\" content=\"2024-11-19T17:24:33+00:00\" \/>\n<meta property=\"og:image\" content=\"http:\/\/onusinsurance.com\/wp-content\/uploads\/2022\/03\/icono_safe_2-1.png\" \/>\n<meta name=\"twitter:card\" content=\"summary_large_image\" \/>\n<meta name=\"twitter:label1\" content=\"Tiempo de lectura\" \/>\n\t<meta name=\"twitter:data1\" content=\"1 minuto\" \/>\n<script type=\"application\/ld+json\" class=\"yoast-schema-graph\">{\"@context\":\"https:\/\/schema.org\",\"@graph\":[{\"@type\":\"WebPage\",\"@id\":\"https:\/\/onusinsurance.com\/es\/asistencia-en-viajes\/\",\"url\":\"https:\/\/onusinsurance.com\/es\/asistencia-en-viajes\/\",\"name\":\"Asistencia en viajes - Onus Insurance\",\"isPartOf\":{\"@id\":\"https:\/\/onusinsurance.com\/es\/#website\"},\"primaryImageOfPage\":{\"@id\":\"https:\/\/onusinsurance.com\/es\/asistencia-en-viajes\/#primaryimage\"},\"image\":{\"@id\":\"https:\/\/onusinsurance.com\/es\/asistencia-en-viajes\/#primaryimage\"},\"thumbnailUrl\":\"http:\/\/onusinsurance.com\/wp-content\/uploads\/2022\/03\/icono_safe_2-1.png\",\"datePublished\":\"2022-03-03T18:53:37+00:00\",\"dateModified\":\"2024-11-19T17:24:33+00:00\",\"breadcrumb\":{\"@id\":\"https:\/\/onusinsurance.com\/es\/asistencia-en-viajes\/#breadcrumb\"},\"inLanguage\":\"es\",\"potentialAction\":[{\"@type\":\"ReadAction\",\"target\":[\"https:\/\/onusinsurance.com\/es\/asistencia-en-viajes\/\"]}]},{\"@type\":\"ImageObject\",\"inLanguage\":\"es\",\"@id\":\"https:\/\/onusinsurance.com\/es\/asistencia-en-viajes\/#primaryimage\",\"url\":\"http:\/\/onusinsurance.com\/wp-content\/uploads\/2022\/03\/icono_safe_2-1.png\",\"contentUrl\":\"http:\/\/onusinsurance.com\/wp-content\/uploads\/2022\/03\/icono_safe_2-1.png\"},{\"@type\":\"BreadcrumbList\",\"@id\":\"https:\/\/onusinsurance.com\/es\/asistencia-en-viajes\/#breadcrumb\",\"itemListElement\":[{\"@type\":\"ListItem\",\"position\":1,\"name\":\"Home\",\"item\":\"https:\/\/www.onusinsurance.com\/es\/\"},{\"@type\":\"ListItem\",\"position\":2,\"name\":\"Asistencia en viajes\"}]},{\"@type\":\"WebSite\",\"@id\":\"https:\/\/onusinsurance.com\/es\/#website\",\"url\":\"https:\/\/onusinsurance.com\/es\/\",\"name\":\"Onus Insurance\",\"description\":\"Leave Your Worries On Us\",\"potentialAction\":[{\"@type\":\"SearchAction\",\"target\":{\"@type\":\"EntryPoint\",\"urlTemplate\":\"https:\/\/onusinsurance.com\/es\/?s={search_term_string}\"},\"query-input\":{\"@type\":\"PropertyValueSpecification\",\"valueRequired\":true,\"valueName\":\"search_term_string\"}}],\"inLanguage\":\"es\"}]}<\/script>\n<!-- \/ Yoast SEO Premium plugin. -->","yoast_head_json":{"title":"Asistencia en viajes - Onus Insurance","robots":{"index":"index","follow":"follow","max-snippet":"max-snippet:-1","max-image-preview":"max-image-preview:large","max-video-preview":"max-video-preview:-1"},"canonical":"https:\/\/onusinsurance.com\/es\/asistencia-en-viajes\/","og_locale":"es_ES","og_type":"article","og_title":"Asistencia en viajes","og_description":"Asistencia en viajes Nuevo seguro de asistencia en viajes Espa\u00f1ol Ver m\u00e1s English See more Portugu\u00eas Ver mais","og_url":"https:\/\/onusinsurance.com\/es\/asistencia-en-viajes\/","og_site_name":"Onus Insurance","article_modified_time":"2024-11-19T17:24:33+00:00","og_image":[{"url":"http:\/\/onusinsurance.com\/wp-content\/uploads\/2022\/03\/icono_safe_2-1.png","type":"","width":"","height":""}],"twitter_card":"summary_large_image","twitter_misc":{"Tiempo de lectura":"1 minuto"},"schema":{"@context":"https:\/\/schema.org","@graph":[{"@type":"WebPage","@id":"https:\/\/onusinsurance.com\/es\/asistencia-en-viajes\/","url":"https:\/\/onusinsurance.com\/es\/asistencia-en-viajes\/","name":"Asistencia en viajes - Onus Insurance","isPartOf":{"@id":"https:\/\/onusinsurance.com\/es\/#website"},"primaryImageOfPage":{"@id":"https:\/\/onusinsurance.com\/es\/asistencia-en-viajes\/#primaryimage"},"image":{"@id":"https:\/\/onusinsurance.com\/es\/asistencia-en-viajes\/#primaryimage"},"thumbnailUrl":"http:\/\/onusinsurance.com\/wp-content\/uploads\/2022\/03\/icono_safe_2-1.png","datePublished":"2022-03-03T18:53:37+00:00","dateModified":"2024-11-19T17:24:33+00:00","breadcrumb":{"@id":"https:\/\/onusinsurance.com\/es\/asistencia-en-viajes\/#breadcrumb"},"inLanguage":"es","potentialAction":[{"@type":"ReadAction","target":["https:\/\/onusinsurance.com\/es\/asistencia-en-viajes\/"]}]},{"@type":"ImageObject","inLanguage":"es","@id":"https:\/\/onusinsurance.com\/es\/asistencia-en-viajes\/#primaryimage","url":"http:\/\/onusinsurance.com\/wp-content\/uploads\/2022\/03\/icono_safe_2-1.png","contentUrl":"http:\/\/onusinsurance.com\/wp-content\/uploads\/2022\/03\/icono_safe_2-1.png"},{"@type":"BreadcrumbList","@id":"https:\/\/onusinsurance.com\/es\/asistencia-en-viajes\/#breadcrumb","itemListElement":[{"@type":"ListItem","position":1,"name":"Home","item":"https:\/\/www.onusinsurance.com\/es\/"},{"@type":"ListItem","position":2,"name":"Asistencia en viajes"}]},{"@type":"WebSite","@id":"https:\/\/onusinsurance.com\/es\/#website","url":"https:\/\/onusinsurance.com\/es\/","name":"Onus Insurance","description":"Leave Your Worries On Us","potentialAction":[{"@type":"SearchAction","target":{"@type":"EntryPoint","urlTemplate":"https:\/\/onusinsurance.com\/es\/?s={search_term_string}"},"query-input":{"@type":"PropertyValueSpecification","valueRequired":true,"valueName":"search_term_string"}}],"inLanguage":"es"}]}},"_links":{"self":[{"href":"https:\/\/onusinsurance.com\/es\/wp-json\/wp\/v2\/pages\/300","targetHints":{"allow":["GET"]}}],"collection":[{"href":"https:\/\/onusinsurance.com\/es\/wp-json\/wp\/v2\/pages"}],"about":[{"href":"https:\/\/onusinsurance.com\/es\/wp-json\/wp\/v2\/types\/page"}],"author":[{"embeddable":true,"href":"https:\/\/onusinsurance.com\/es\/wp-json\/wp\/v2\/users\/1"}],"replies":[{"embeddable":true,"href":"https:\/\/onusinsurance.com\/es\/wp-json\/wp\/v2\/comments?post=300"}],"version-history":[{"count":136,"href":"https:\/\/onusinsurance.com\/es\/wp-json\/wp\/v2\/pages\/300\/revisions"}],"predecessor-version":[{"id":7019,"href":"https:\/\/onusinsurance.com\/es\/wp-json\/wp\/v2\/pages\/300\/revisions\/7019"}],"wp:attachment":[{"href":"https:\/\/onusinsurance.com\/es\/wp-json\/wp\/v2\/media?parent=300"}],"curies":[{"name":"wp","href":"https:\/\/api.w.org\/{rel}","templated":true}]}}